{"id":651,"date":"2025-11-06T14:36:19","date_gmt":"2025-11-06T13:36:19","guid":{"rendered":"https:\/\/www.cdvoile27.fr\/web\/actualites\/"},"modified":"2025-11-10T15:51:43","modified_gmt":"2025-11-10T14:51:43","slug":"actualites","status":"publish","type":"page","link":"https:\/\/www.cdvoile27.fr\/web\/actualites\/","title":{"rendered":"Actualit\u00e9s"},"content":{"rendered":"","protected":false},"excerpt":{"rendered":"","protected":false},"author":2,"featured_media":0,"parent":0,"menu_order":0,"comment_status":"closed","ping_status":"closed","template":"page-with-right-sidebar","meta":{"saved_in_kubio":true,"footnotes":""},"class_list":["post-651","page","type-page","status-publish","hentry"],"kubio_ai_page_context":{"short_desc":"","purpose":"general"},"yoast_head":"<!-- This site is optimized with the Yoast SEO plugin v20.0 - https:\/\/yoast.com\/wordpress\/plugins\/seo\/ -->\n<title>Actualit\u00e9s - CD Voile 27<\/title>\n<meta name=\"robots\" content=\"index, follow, max-snippet:-1, max-image-preview:large, max-video-preview:-1\" \/>\n<link rel=\"canonical\" href=\"https:\/\/www.cdvoile27.fr\/web\/actualites\/\" \/>\n<meta property=\"og:locale\" content=\"fr_FR\" \/>\n<meta property=\"og:type\" content=\"article\" \/>\n<meta property=\"og:title\" content=\"Actualit\u00e9s - CD Voile 27\" \/>\n<meta property=\"og:url\" content=\"https:\/\/www.cdvoile27.fr\/web\/actualites\/\" \/>\n<meta property=\"og:site_name\" content=\"CD Voile 27\" \/>\n<meta property=\"article:publisher\" content=\"https:\/\/www.facebook.com\/cdvoile27\/\" \/>\n<meta property=\"article:modified_time\" content=\"2025-11-10T14:51:43+00:00\" \/>\n<meta name=\"twitter:card\" content=\"summary_large_image\" \/>\n<meta name=\"twitter:site\" content=\"@cdvoile27\" \/>\n<script type=\"application\/ld+json\" class=\"yoast-schema-graph\">{\"@context\":\"https:\/\/schema.org\",\"@graph\":[{\"@type\":\"WebPage\",\"@id\":\"https:\/\/www.cdvoile27.fr\/web\/actualites\/\",\"url\":\"https:\/\/www.cdvoile27.fr\/web\/actualites\/\",\"name\":\"Actualit\u00e9s - CD Voile 27\",\"isPartOf\":{\"@id\":\"https:\/\/www.cdvoile27.fr\/web\/#website\"},\"datePublished\":\"2025-11-06T13:36:19+00:00\",\"dateModified\":\"2025-11-10T14:51:43+00:00\",\"breadcrumb\":{\"@id\":\"https:\/\/www.cdvoile27.fr\/web\/actualites\/#breadcrumb\"},\"inLanguage\":\"fr-FR\",\"potentialAction\":[{\"@type\":\"ReadAction\",\"target\":[\"https:\/\/www.cdvoile27.fr\/web\/actualites\/\"]}]},{\"@type\":\"BreadcrumbList\",\"@id\":\"https:\/\/www.cdvoile27.fr\/web\/actualites\/#breadcrumb\",\"itemListElement\":[{\"@type\":\"ListItem\",\"position\":1,\"name\":\"Accueil\",\"item\":\"https:\/\/www.cdvoile27.fr\/web\/\"},{\"@type\":\"ListItem\",\"position\":2,\"name\":\"Actualit\u00e9s\"}]},{\"@type\":\"WebSite\",\"@id\":\"https:\/\/www.cdvoile27.fr\/web\/#website\",\"url\":\"https:\/\/www.cdvoile27.fr\/web\/\",\"name\":\"CD Voile 27 - Toute la voile dans l'Eure\",\"description\":\"Comit\u00e9 D\u00e9partemental de Voile de l&#039;Eure - Stages de voile, voile \u00e0 l&#039;\u00e9cole, enseignement et d\u00e9couverte de la voile dans le d\u00e9partement de l&#039;Eure, Vernon, Poses, Pont-Audemer.\",\"publisher\":{\"@id\":\"https:\/\/www.cdvoile27.fr\/web\/#organization\"},\"potentialAction\":[{\"@type\":\"SearchAction\",\"target\":{\"@type\":\"EntryPoint\",\"urlTemplate\":\"https:\/\/www.cdvoile27.fr\/web\/?s={search_term_string}\"},\"query-input\":\"required name=search_term_string\"}],\"inLanguage\":\"fr-FR\"},{\"@type\":\"Organization\",\"@id\":\"https:\/\/www.cdvoile27.fr\/web\/#organization\",\"name\":\"Comit\u00e9 D\u00e9partemental de Voile de l'Eure\",\"url\":\"https:\/\/www.cdvoile27.fr\/web\/\",\"logo\":{\"@type\":\"ImageObject\",\"inLanguage\":\"fr-FR\",\"@id\":\"https:\/\/www.cdvoile27.fr\/web\/#\/schema\/logo\/image\/\",\"url\":\"https:\/\/www.cdvoile27.fr\/web\/wp-content\/uploads\/2019\/08\/cdv27_blank.jpg\",\"contentUrl\":\"https:\/\/www.cdvoile27.fr\/web\/wp-content\/uploads\/2019\/08\/cdv27_blank.jpg\",\"width\":1400,\"height\":800,\"caption\":\"Comit\u00e9 D\u00e9partemental de Voile de l'Eure\"},\"image\":{\"@id\":\"https:\/\/www.cdvoile27.fr\/web\/#\/schema\/logo\/image\/\"},\"sameAs\":[\"https:\/\/www.facebook.com\/cdvoile27\/\",\"https:\/\/twitter.com\/cdvoile27\"]}]}<\/script>\n<!-- \/ Yoast SEO plugin. -->","yoast_head_json":{"title":"Actualit\u00e9s - CD Voile 27","robots":{"index":"index","follow":"follow","max-snippet":"max-snippet:-1","max-image-preview":"max-image-preview:large","max-video-preview":"max-video-preview:-1"},"canonical":"https:\/\/www.cdvoile27.fr\/web\/actualites\/","og_locale":"fr_FR","og_type":"article","og_title":"Actualit\u00e9s - CD Voile 27","og_url":"https:\/\/www.cdvoile27.fr\/web\/actualites\/","og_site_name":"CD Voile 27","article_publisher":"https:\/\/www.facebook.com\/cdvoile27\/","article_modified_time":"2025-11-10T14:51:43+00:00","twitter_card":"summary_large_image","twitter_site":"@cdvoile27","schema":{"@context":"https:\/\/schema.org","@graph":[{"@type":"WebPage","@id":"https:\/\/www.cdvoile27.fr\/web\/actualites\/","url":"https:\/\/www.cdvoile27.fr\/web\/actualites\/","name":"Actualit\u00e9s - CD Voile 27","isPartOf":{"@id":"https:\/\/www.cdvoile27.fr\/web\/#website"},"datePublished":"2025-11-06T13:36:19+00:00","dateModified":"2025-11-10T14:51:43+00:00","breadcrumb":{"@id":"https:\/\/www.cdvoile27.fr\/web\/actualites\/#breadcrumb"},"inLanguage":"fr-FR","potentialAction":[{"@type":"ReadAction","target":["https:\/\/www.cdvoile27.fr\/web\/actualites\/"]}]},{"@type":"BreadcrumbList","@id":"https:\/\/www.cdvoile27.fr\/web\/actualites\/#breadcrumb","itemListElement":[{"@type":"ListItem","position":1,"name":"Accueil","item":"https:\/\/www.cdvoile27.fr\/web\/"},{"@type":"ListItem","position":2,"name":"Actualit\u00e9s"}]},{"@type":"WebSite","@id":"https:\/\/www.cdvoile27.fr\/web\/#website","url":"https:\/\/www.cdvoile27.fr\/web\/","name":"CD Voile 27 - Toute la voile dans l'Eure","description":"Comit\u00e9 D\u00e9partemental de Voile de l&#039;Eure - Stages de voile, voile \u00e0 l&#039;\u00e9cole, enseignement et d\u00e9couverte de la voile dans le d\u00e9partement de l&#039;Eure, Vernon, Poses, Pont-Audemer.","publisher":{"@id":"https:\/\/www.cdvoile27.fr\/web\/#organization"},"potentialAction":[{"@type":"SearchAction","target":{"@type":"EntryPoint","urlTemplate":"https:\/\/www.cdvoile27.fr\/web\/?s={search_term_string}"},"query-input":"required name=search_term_string"}],"inLanguage":"fr-FR"},{"@type":"Organization","@id":"https:\/\/www.cdvoile27.fr\/web\/#organization","name":"Comit\u00e9 D\u00e9partemental de Voile de l'Eure","url":"https:\/\/www.cdvoile27.fr\/web\/","logo":{"@type":"ImageObject","inLanguage":"fr-FR","@id":"https:\/\/www.cdvoile27.fr\/web\/#\/schema\/logo\/image\/","url":"https:\/\/www.cdvoile27.fr\/web\/wp-content\/uploads\/2019\/08\/cdv27_blank.jpg","contentUrl":"https:\/\/www.cdvoile27.fr\/web\/wp-content\/uploads\/2019\/08\/cdv27_blank.jpg","width":1400,"height":800,"caption":"Comit\u00e9 D\u00e9partemental de Voile de l'Eure"},"image":{"@id":"https:\/\/www.cdvoile27.fr\/web\/#\/schema\/logo\/image\/"},"sameAs":["https:\/\/www.facebook.com\/cdvoile27\/","https:\/\/twitter.com\/cdvoile27"]}]}},"_links":{"self":[{"href":"https:\/\/www.cdvoile27.fr\/web\/wp-json\/wp\/v2\/pages\/651","targetHints":{"allow":["GET"]}}],"collection":[{"href":"https:\/\/www.cdvoile27.fr\/web\/wp-json\/wp\/v2\/pages"}],"about":[{"href":"https:\/\/www.cdvoile27.fr\/web\/wp-json\/wp\/v2\/types\/page"}],"author":[{"embeddable":true,"href":"https:\/\/www.cdvoile27.fr\/web\/wp-json\/wp\/v2\/users\/2"}],"replies":[{"embeddable":true,"href":"https:\/\/www.cdvoile27.fr\/web\/wp-json\/wp\/v2\/comments?post=651"}],"version-history":[{"count":7,"href":"https:\/\/www.cdvoile27.fr\/web\/wp-json\/wp\/v2\/pages\/651\/revisions"}],"predecessor-version":[{"id":706,"href":"https:\/\/www.cdvoile27.fr\/web\/wp-json\/wp\/v2\/pages\/651\/revisions\/706"}],"wp:attachment":[{"href":"https:\/\/www.cdvoile27.fr\/web\/wp-json\/wp\/v2\/media?parent=651"}],"curies":[{"name":"wp","href":"https:\/\/api.w.org\/{rel}","templated":true}]}}